{"id":762,"date":"2021-05-24T10:45:18","date_gmt":"2021-05-24T13:45:18","guid":{"rendered":"http:\/\/docentes.univasf.edu.br\/militao.figueredo\/site\/?page_id=762"},"modified":"2021-06-10T12:41:45","modified_gmt":"2021-06-10T15:41:45","slug":"radioastronomia-2","status":"publish","type":"page","link":"https:\/\/docentes.univasf.edu.br\/militao.figueredo\/site\/index.php\/radioastronomia-2\/","title":{"rendered":"Radioastronomia"},"content":{"rendered":"\n<p>Unindo a tecnologia de microondas \u00e0 astronomia, estamos criando um grupo de pesquisa em radioastronomia. Sendo uma \u00e1rea onde a colabora\u00e7\u00e3o \u00e9 essencial, estamos apoiando o projeto IVIA &#8211; Iniciativa VLBI Iberoamericana ( <a href=\"http:\/\/ivia-net.org\/\" target=\"_blank\" rel=\"noreferrer noopener\">http:\/\/ivia-net.org\/<\/a> ).<\/p>\n\n\n\n<p>Nossa primeira a\u00e7\u00e3o \u00e9 a constru\u00e7\u00e3o de um interfer\u00f4metro r\u00e1dio para fins did\u00e1ticos. O artigo de refer\u00eancia est\u00e1 dispon\u00edvel em:<\/p>\n\n\n\n<p><strong>A Michelson-type radio interferometer for university education<\/strong><br>American Journal of Physics 84, 249 (2016); <a rel=\"noreferrer noopener\" href=\"https:\/\/doi.org\/10.1119\/1.4940212\" target=\"_blank\">https:\/\/doi.org\/10.1119\/1.4940212<\/a><\/p>\n\n\n\n<p>Estudantes com habilidades em programa\u00e7\u00e3o (python), processamento de sinais, microondas e projetos mec\u00e2nicos (Inventor, Solid Edge, FreeCad ) s\u00e3o estimulados a participar do projeto.<\/p>\n\n\n\n<p>&nbsp;<\/p>\n<table style=\"height: 36px; width: 100%; border-collapse: collapse;\" border=\"0\">\n<tbody>\n<tr style=\"height: 18px;\">\n<td style=\"width: 100%; height: 18px;\"><strong>Contato: <\/strong>militao.figueredo (arroba) univasf.edu.br<\/td>\n<\/tr>\n<tr style=\"height: 18px;\">\n<td style=\"width: 100%; height: 18px;\"><strong>Assunto:<\/strong> interferometro<\/td>\n<\/tr>\n<\/tbody>\n<\/table>\n\n\n\n<p><a href=\"http:\/\/docentes.univasf.edu.br\/militao.figueredo\/site\/index.php\/seminario-sobre-radioastronomia\/\" data-type=\"URL\" data-id=\"http:\/\/docentes.univasf.edu.br\/militao.figueredo\/site\/index.php\/seminario-sobre-radioastronomia\/\" target=\"_blank\" rel=\"noreferrer noopener\">Semin\u00e1rio apresentado ao CENEL.<\/a><\/p>\n","protected":false},"excerpt":{"rendered":"<p>Unindo a tecnologia de microondas \u00e0 astronomia, estamos criando um grupo de pesquisa em radioastronomia. Sendo uma \u00e1rea onde a &hellip; <a class=\"more-link\" href=\"https:\/\/docentes.univasf.edu.br\/militao.figueredo\/site\/index.php\/radioastronomia-2\/\">Mais<\/a><\/p>\n","protected":false},"author":1,"featured_media":0,"parent":0,"menu_order":0,"comment_status":"closed","ping_status":"closed","template":"","meta":[],"_links":{"self":[{"href":"https:\/\/docentes.univasf.edu.br\/militao.figueredo\/site\/index.php\/wp-json\/wp\/v2\/pages\/762"}],"collection":[{"href":"https:\/\/docentes.univasf.edu.br\/militao.figueredo\/site\/index.php\/wp-json\/wp\/v2\/pages"}],"about":[{"href":"https:\/\/docentes.univasf.edu.br\/militao.figueredo\/site\/index.php\/wp-json\/wp\/v2\/types\/page"}],"author":[{"embeddable":true,"href":"https:\/\/docentes.univasf.edu.br\/militao.figueredo\/site\/index.php\/wp-json\/wp\/v2\/users\/1"}],"replies":[{"embeddable":true,"href":"https:\/\/docentes.univasf.edu.br\/militao.figueredo\/site\/index.php\/wp-json\/wp\/v2\/comments?post=762"}],"version-history":[{"count":19,"href":"https:\/\/docentes.univasf.edu.br\/militao.figueredo\/site\/index.php\/wp-json\/wp\/v2\/pages\/762\/revisions"}],"predecessor-version":[{"id":834,"href":"https:\/\/docentes.univasf.edu.br\/militao.figueredo\/site\/index.php\/wp-json\/wp\/v2\/pages\/762\/revisions\/834"}],"wp:attachment":[{"href":"https:\/\/docentes.univasf.edu.br\/militao.figueredo\/site\/index.php\/wp-json\/wp\/v2\/media?parent=762"}],"curies":[{"name":"wp","href":"https:\/\/api.w.org\/{rel}","templated":true}]}}