{"id":594,"date":"2020-03-13T16:24:36","date_gmt":"2020-03-13T19:24:36","guid":{"rendered":"http:\/\/docentes.univasf.edu.br\/militao.figueredo\/site\/?page_id=594"},"modified":"2024-07-05T17:00:35","modified_gmt":"2024-07-05T20:00:35","slug":"laboratorio","status":"publish","type":"page","link":"https:\/\/docentes.univasf.edu.br\/militao.figueredo\/site\/index.php\/laboratorio\/","title":{"rendered":"Laborat\u00f3rio did\u00e1tico"},"content":{"rendered":"<p>F\u00edsica A &#8211; <a href=\"http:\/\/docentes.univasf.edu.br\/militao.figueredo\/site\/index.php\/apostila-tracker-scidavis\/\" target=\"_blank\" rel=\"noopener\">Apostila sobre os programas\u00a0 Tracker e SciDavis<\/a><\/p>\n<p><a href=\"http:\/\/docentes.univasf.edu.br\/militao.figueredo\/site\/index.php\/processo-de-reivindicacao-da-vaga-de-tecnico-para-os-laboratorios-de-fisica-da-univasf\/\" target=\"_blank\" rel=\"noopener\">Mem\u00f3ria da situa\u00e7\u00e3o do suporte ao laborat\u00f3rio<\/a>.<\/p>\n<p><a href=\"https:\/\/labfex.univasf.edu.br\/\" target=\"_blank\" rel=\"noopener\">P\u00e1gina do laborat\u00f3rio de F\u00edsica Experimental\u00a0<\/a><\/p>\n\n\n<p><a rel=\"noreferrer noopener\" href=\"https:\/\/docentes.univasf.edu.br\/militao.figueredo\/site\/index.php\/proposta-de-unificacao-das-fisicas-experimentais-i-e-ii\/\" data-type=\"URL\" data-id=\"https:\/\/docentes.univasf.edu.br\/militao.figueredo\/site\/index.php\/proposta-de-unificacao-das-fisicas-experimentais-i-e-ii\/\" target=\"_blank\">Proposta de Unifica\u00e7\u00e3o das F\u00edsicas I e II<\/a><\/p>\n\n\n\n<p><a href=\"https:\/\/sites.google.com\/univasf.edu.br\/laboratorio-de-fsica-a-2023-2\/in%C3%ADcio\" target=\"_blank\" rel=\"noreferrer noopener\">Projetos 2023-2<\/a><\/p>\n","protected":false},"excerpt":{"rendered":"<p>F\u00edsica A &#8211; Apostila sobre os programas\u00a0 Tracker e SciDavis Mem\u00f3ria da situa\u00e7\u00e3o do suporte ao laborat\u00f3rio. P\u00e1gina do laborat\u00f3rio &hellip; <a class=\"more-link\" href=\"https:\/\/docentes.univasf.edu.br\/militao.figueredo\/site\/index.php\/laboratorio\/\">Mais<\/a><\/p>\n","protected":false},"author":1,"featured_media":0,"parent":0,"menu_order":0,"comment_status":"closed","ping_status":"closed","template":"","meta":[],"_links":{"self":[{"href":"https:\/\/docentes.univasf.edu.br\/militao.figueredo\/site\/index.php\/wp-json\/wp\/v2\/pages\/594"}],"collection":[{"href":"https:\/\/docentes.univasf.edu.br\/militao.figueredo\/site\/index.php\/wp-json\/wp\/v2\/pages"}],"about":[{"href":"https:\/\/docentes.univasf.edu.br\/militao.figueredo\/site\/index.php\/wp-json\/wp\/v2\/types\/page"}],"author":[{"embeddable":true,"href":"https:\/\/docentes.univasf.edu.br\/militao.figueredo\/site\/index.php\/wp-json\/wp\/v2\/users\/1"}],"replies":[{"embeddable":true,"href":"https:\/\/docentes.univasf.edu.br\/militao.figueredo\/site\/index.php\/wp-json\/wp\/v2\/comments?post=594"}],"version-history":[{"count":10,"href":"https:\/\/docentes.univasf.edu.br\/militao.figueredo\/site\/index.php\/wp-json\/wp\/v2\/pages\/594\/revisions"}],"predecessor-version":[{"id":901,"href":"https:\/\/docentes.univasf.edu.br\/militao.figueredo\/site\/index.php\/wp-json\/wp\/v2\/pages\/594\/revisions\/901"}],"wp:attachment":[{"href":"https:\/\/docentes.univasf.edu.br\/militao.figueredo\/site\/index.php\/wp-json\/wp\/v2\/media?parent=594"}],"curies":[{"name":"wp","href":"https:\/\/api.w.org\/{rel}","templated":true}]}}