{"id":5,"date":"2018-01-30T15:47:30","date_gmt":"2018-01-30T17:47:30","guid":{"rendered":"http:\/\/docentes.univasf.edu.br\/militao.figueredo\/site\/?page_id=5"},"modified":"2021-05-28T09:12:40","modified_gmt":"2021-05-28T12:12:40","slug":"sobre","status":"publish","type":"page","link":"https:\/\/docentes.univasf.edu.br\/militao.figueredo\/site\/index.php\/sobre\/","title":{"rendered":"Sobre"},"content":{"rendered":"<p style=\"text-align: justify;\">\n<p style=\"text-align: justify;\">\u00a0 \u00a0 \u00a0Esta p\u00e1gina est\u00e1 hospedada nos servidores da Universidade Federal do Vale do S\u00e3o Francisco,\u00a0\u00a0<a href=\"http:\/\/portais.univasf.edu.br\/univasf\" target=\"_blank\" rel=\"noopener\">UNIVASF<\/a>, onde atuo como professor\/pesquisador na \u00e1rea de f\u00edsica. As mat\u00e9rias aqui postadas s\u00e3o de minha inteira responsabilidade. As atualiza\u00e7\u00f5es ocorrem de maneira n\u00e3o peri\u00f3dica, motivadas pelos crit\u00e9rios do momento.<\/p>\n<p style=\"text-align: justify;\">\u00a0 \u00a0 \u00a0 \u00a0 \u00a0 \u00a0Sejam bem vindos!<\/p>\n<p>Abra\u00e7os<\/p>\n<p>Milit\u00e3o Vieira Figueredo<\/p>\n<p><img loading=\"lazy\" class=\"wp-image-479 alignleft\" src=\"http:\/\/docentes.univasf.edu.br\/militao.figueredo\/site\/wp-content\/uploads\/2018\/03\/MVF_MT2.jpg\" alt=\"\" width=\"334\" height=\"188\" \/><\/p>\n<p style=\"text-align: justify;\">\n","protected":false},"excerpt":{"rendered":"<p>\u00a0 \u00a0 \u00a0Esta p\u00e1gina est\u00e1 hospedada nos servidores da Universidade Federal do Vale do S\u00e3o Francisco,\u00a0\u00a0UNIVASF, onde atuo como professor\/pesquisador &hellip; <a class=\"more-link\" href=\"https:\/\/docentes.univasf.edu.br\/militao.figueredo\/site\/index.php\/sobre\/\">Mais<\/a><\/p>\n","protected":false},"author":1,"featured_media":0,"parent":0,"menu_order":0,"comment_status":"closed","ping_status":"closed","template":"","meta":[],"_links":{"self":[{"href":"https:\/\/docentes.univasf.edu.br\/militao.figueredo\/site\/index.php\/wp-json\/wp\/v2\/pages\/5"}],"collection":[{"href":"https:\/\/docentes.univasf.edu.br\/militao.figueredo\/site\/index.php\/wp-json\/wp\/v2\/pages"}],"about":[{"href":"https:\/\/docentes.univasf.edu.br\/militao.figueredo\/site\/index.php\/wp-json\/wp\/v2\/types\/page"}],"author":[{"embeddable":true,"href":"https:\/\/docentes.univasf.edu.br\/militao.figueredo\/site\/index.php\/wp-json\/wp\/v2\/users\/1"}],"replies":[{"embeddable":true,"href":"https:\/\/docentes.univasf.edu.br\/militao.figueredo\/site\/index.php\/wp-json\/wp\/v2\/comments?post=5"}],"version-history":[{"count":12,"href":"https:\/\/docentes.univasf.edu.br\/militao.figueredo\/site\/index.php\/wp-json\/wp\/v2\/pages\/5\/revisions"}],"predecessor-version":[{"id":825,"href":"https:\/\/docentes.univasf.edu.br\/militao.figueredo\/site\/index.php\/wp-json\/wp\/v2\/pages\/5\/revisions\/825"}],"wp:attachment":[{"href":"https:\/\/docentes.univasf.edu.br\/militao.figueredo\/site\/index.php\/wp-json\/wp\/v2\/media?parent=5"}],"curies":[{"name":"wp","href":"https:\/\/api.w.org\/{rel}","templated":true}]}}