{"id":496,"date":"2018-03-02T21:07:25","date_gmt":"2018-03-03T00:07:25","guid":{"rendered":"http:\/\/docentes.univasf.edu.br\/militao.figueredo\/site\/?page_id=496"},"modified":"2018-03-02T21:10:05","modified_gmt":"2018-03-03T00:10:05","slug":"contato","status":"publish","type":"page","link":"https:\/\/docentes.univasf.edu.br\/militao.figueredo\/site\/index.php\/contato\/","title":{"rendered":"Contato"},"content":{"rendered":"<p>Atrav\u00e9s do endere\u00e7o eletr\u00f4nico institucional:<\/p>\n<p><strong>militao.figueredo (arroba) univasf.edu.br<\/strong><\/p>\n","protected":false},"excerpt":{"rendered":"<p>Atrav\u00e9s do endere\u00e7o eletr\u00f4nico institucional: militao.figueredo (arroba) univasf.edu.br<\/p>\n","protected":false},"author":1,"featured_media":0,"parent":0,"menu_order":0,"comment_status":"closed","ping_status":"closed","template":"","meta":[],"_links":{"self":[{"href":"https:\/\/docentes.univasf.edu.br\/militao.figueredo\/site\/index.php\/wp-json\/wp\/v2\/pages\/496"}],"collection":[{"href":"https:\/\/docentes.univasf.edu.br\/militao.figueredo\/site\/index.php\/wp-json\/wp\/v2\/pages"}],"about":[{"href":"https:\/\/docentes.univasf.edu.br\/militao.figueredo\/site\/index.php\/wp-json\/wp\/v2\/types\/page"}],"author":[{"embeddable":true,"href":"https:\/\/docentes.univasf.edu.br\/militao.figueredo\/site\/index.php\/wp-json\/wp\/v2\/users\/1"}],"replies":[{"embeddable":true,"href":"https:\/\/docentes.univasf.edu.br\/militao.figueredo\/site\/index.php\/wp-json\/wp\/v2\/comments?post=496"}],"version-history":[{"count":2,"href":"https:\/\/docentes.univasf.edu.br\/militao.figueredo\/site\/index.php\/wp-json\/wp\/v2\/pages\/496\/revisions"}],"predecessor-version":[{"id":499,"href":"https:\/\/docentes.univasf.edu.br\/militao.figueredo\/site\/index.php\/wp-json\/wp\/v2\/pages\/496\/revisions\/499"}],"wp:attachment":[{"href":"https:\/\/docentes.univasf.edu.br\/militao.figueredo\/site\/index.php\/wp-json\/wp\/v2\/media?parent=496"}],"curies":[{"name":"wp","href":"https:\/\/api.w.org\/{rel}","templated":true}]}}